{"id":12,"date":"2018-06-01T18:38:49","date_gmt":"2018-06-01T18:38:49","guid":{"rendered":"http:\/\/cocainecinderella.com\/?page_id=12"},"modified":"2020-05-08T13:31:57","modified_gmt":"2020-05-08T13:31:57","slug":"versandarten","status":"publish","type":"page","link":"https:\/\/cocainecinderella.com\/?page_id=12","title":{"rendered":"Versandarten"},"content":{"rendered":"<h3 class=\"toggle expanded\">LIEFERZEIT<\/h3>\n<div class=\"toggle-content\">\n<p>Alle Lieferungen innerhalb Deutschlands erfolgen mit dem internationalen Paketlieferanten DHL.<br \/>\nWeitere allgemeine Gesch\u00e4ftsbedingungen von DHL findest Du unter <a title=\"\" href=\"http:\/\/www.ups.com\/\">www.DHL.de<\/a>.<\/p>\n<p>Au\u00dferhalb Deutschlands arbeiten wir mit verschiedenen Paketdiensten zusammen um deine Betsellung schnellstm\u00f6glich zu dir zu schicken.<br \/>\nAlle Bestellungen werden aus unserem Warenlager in\u00a0<i>Deutschland<\/i>\u00a0zu Deiner angegebenen Lieferadresse gesendet.  <\/p>\n<p>Die Bestellungen werden montags bis freitags von 9:00 bis 11:00 Uhr bearbeitet.<i>.<\/i><\/p>\n<p>Bitte beachte, dass Bestellungen, die Freitagnachmittag, Samstags, Sonntags oder an Feiertagen eingehen, erst am Montagmorgenoder am n\u00e4chsten Werktag bearbeitet werden.<\/p>\n<p>Bitte beachte auch, dass Bestellungen innerhalb Deutschlands, die am Donnerstagnachmittag eingehen, erst nach dem Wochenende an der Lieferadresse eintreffen.<\/p>\n<p>F\u00fcr den Versand innerhalb Deutschlands berechnen wir eine Versandpauschale von 3,98\u20ac. Ab einem Einkaufswert von 100\u20ac versandkostenfrei.<br \/>\nF\u00fcr alle L\u00e4nder innerhalb der EU, UK und Schweiz berechnen wir eine Versandpauschale von 7,50\u20ac.<br \/>\nF\u00fcr den Rest der Welt berechnen wir eine Versandpauschale von 13,50\u20ac.<br \/>\n&nbsp;<\/p>\n<p>Gesch\u00e4tzte Lieferzeiten nach Versand:<\/p>\n<p><i> Deutschland <\/i> 1-3 Werktage. Sobald das Paket unser Haus verlassen hat, wirst Du automatisch eine E-Mail mit der DHL-Trackingnummer erhalten, mit der Du den Lieferstatus verfolgen kannst.<\/p>\n<p><i>Europ\u00e4ische Union + UK + Schweiz <\/i> 1-10 Werktage. <\/p>\n<p><i>Andere L\u00e4nder<\/i>: 10 bis 21 Werktage.\u00a0Beachte bitte, dass Pakete au\u00dferhalb der EU \u00fcblicherweise vom Zoll abgefertigt werden, dies dauert in der Regel 1-3 Werktage, erst danach wird dein Paket zugestellt. Anfallende Einfuhrz\u00f6lle in deinem Land werden nicht von uns \u00fcbernommen. F\u00fcr alle Fragen zu Einf\u00fchrregelungen oder Einf\u00fchrz\u00f6llen kontaktiere bitte dein \u00f6rtliches Zollamt.<\/p>\n<p><i>Preiss Textilien haftet nicht f\u00fcr Versandverz\u00f6gerungen, die durch internationalen Zollangelegenheiten oder andere Umst\u00e4nde nach den unternehmenseigenen Kontrollen verursacht werden.\u00a0<\/i><\/p>\n<p><b><i>Bitte beachte, dass Bestellungen mit mehr als einem Artikel, m\u00f6glicherweise von verschiedenen Standorten verschickt werden und es daher zu Lieferungen von mehr als einem Paket kommen kann.<\/i><\/b><\/p>\n<p><b><i>Diese Bestellungen werden von uns schnellstm\u00f6glich bearbeitet, es kann jedoch trotzdem zu kleinen Verz\u00f6gerungen kommen.<\/i><\/b><\/p>\n","protected":false},"excerpt":{"rendered":"<p>LIEFERZEIT Alle Lieferungen innerhalb Deutschlands erfolgen mit dem internationalen Paketlieferanten DHL. Weitere allgemeine Gesch\u00e4ftsbedingungen von DHL findest Du unter www.DHL.de. Au\u00dferhalb Deutschlands arbeiten wir mit verschiedenen Paketdiensten zusammen um deine Betsellung schnellstm\u00f6glich zu dir zu schicken. Alle Bestellungen werden aus unserem Warenlager in\u00a0Deutschland\u00a0zu Deiner angegebenen Lieferadresse gesendet. Die Bestellungen werden montags bis freitags von 9:00 [&hellip;]<\/p>\n","protected":false},"author":1,"featured_media":0,"parent":0,"menu_order":0,"comment_status":"closed","ping_status":"closed","template":"template-fullwidth-no-title.php","meta":{"_monsterinsights_skip_tracking":false,"_monsterinsights_sitenote_active":false,"_monsterinsights_sitenote_note":"","_monsterinsights_sitenote_category":0,"jetpack_post_was_ever_published":false,"footnotes":""},"yoast_head":"<!-- This site is optimized with the Yoast SEO plugin v21.8 - https:\/\/yoast.com\/wordpress\/plugins\/seo\/ -->\n<title>Cocaine Cinderella - Versandarten<\/title>\n<meta name=\"description\" content=\"Official Cocaine Cinderella Online Shop. Discover the new collections of women&#039;s provocative streetwear clothing, bags, and accessories. Shop now!\" \/>\n<meta name=\"robots\" content=\"index, follow, max-snippet:-1, max-image-preview:large, max-video-preview:-1\" \/>\n<link rel=\"canonical\" href=\"https:\/\/cocainecinderella.com\/?page_id=12\" \/>\n<meta property=\"og:locale\" content=\"de_DE\" \/>\n<meta property=\"og:type\" content=\"article\" \/>\n<meta property=\"og:title\" content=\"Cocaine Cinderella - Versandarten\" \/>\n<meta property=\"og:description\" content=\"Official Cocaine Cinderella Online Shop. Discover the new collections of women&#039;s provocative streetwear clothing, bags, and accessories. Shop now!\" \/>\n<meta property=\"og:url\" content=\"https:\/\/cocainecinderella.com\/?page_id=12\" \/>\n<meta property=\"og:site_name\" content=\"Cocaine Cinderella\" \/>\n<meta property=\"article:modified_time\" content=\"2020-05-08T13:31:57+00:00\" \/>\n<meta name=\"twitter:card\" content=\"summary_large_image\" \/>\n<meta name=\"twitter:label1\" content=\"Gesch\u00e4tzte Lesezeit\" \/>\n\t<meta name=\"twitter:data1\" content=\"2\u00a0Minuten\" \/>\n<script type=\"application\/ld+json\" class=\"yoast-schema-graph\">{\"@context\":\"https:\/\/schema.org\",\"@graph\":[{\"@type\":\"WebPage\",\"@id\":\"https:\/\/cocainecinderella.com\/?page_id=12\",\"url\":\"https:\/\/cocainecinderella.com\/?page_id=12\",\"name\":\"Cocaine Cinderella - Versandarten\",\"isPartOf\":{\"@id\":\"https:\/\/cocainecinderella.com\/#website\"},\"datePublished\":\"2018-06-01T18:38:49+00:00\",\"dateModified\":\"2020-05-08T13:31:57+00:00\",\"description\":\"Official Cocaine Cinderella Online Shop. Discover the new collections of women's provocative streetwear clothing, bags, and accessories. Shop now!\",\"breadcrumb\":{\"@id\":\"https:\/\/cocainecinderella.com\/?page_id=12#breadcrumb\"},\"inLanguage\":\"de\",\"potentialAction\":[{\"@type\":\"ReadAction\",\"target\":[\"https:\/\/cocainecinderella.com\/?page_id=12\"]}]},{\"@type\":\"BreadcrumbList\",\"@id\":\"https:\/\/cocainecinderella.com\/?page_id=12#breadcrumb\",\"itemListElement\":[{\"@type\":\"ListItem\",\"position\":1,\"name\":\"Startseite\",\"item\":\"https:\/\/cocainecinderella.com\/\"},{\"@type\":\"ListItem\",\"position\":2,\"name\":\"Versandarten\"}]},{\"@type\":\"WebSite\",\"@id\":\"https:\/\/cocainecinderella.com\/#website\",\"url\":\"https:\/\/cocainecinderella.com\/\",\"name\":\"Cocaine Cinderella\",\"description\":\"zero fucks given\",\"potentialAction\":[{\"@type\":\"SearchAction\",\"target\":{\"@type\":\"EntryPoint\",\"urlTemplate\":\"https:\/\/cocainecinderella.com\/?s={search_term_string}\"},\"query-input\":\"required name=search_term_string\"}],\"inLanguage\":\"de\"}]}<\/script>\n<!-- \/ Yoast SEO plugin. -->","yoast_head_json":{"title":"Cocaine Cinderella - Versandarten","description":"Official Cocaine Cinderella Online Shop. Discover the new collections of women's provocative streetwear clothing, bags, and accessories. Shop now!","robots":{"index":"index","follow":"follow","max-snippet":"max-snippet:-1","max-image-preview":"max-image-preview:large","max-video-preview":"max-video-preview:-1"},"canonical":"https:\/\/cocainecinderella.com\/?page_id=12","og_locale":"de_DE","og_type":"article","og_title":"Cocaine Cinderella - Versandarten","og_description":"Official Cocaine Cinderella Online Shop. Discover the new collections of women's provocative streetwear clothing, bags, and accessories. Shop now!","og_url":"https:\/\/cocainecinderella.com\/?page_id=12","og_site_name":"Cocaine Cinderella","article_modified_time":"2020-05-08T13:31:57+00:00","twitter_card":"summary_large_image","twitter_misc":{"Gesch\u00e4tzte Lesezeit":"2\u00a0Minuten"},"schema":{"@context":"https:\/\/schema.org","@graph":[{"@type":"WebPage","@id":"https:\/\/cocainecinderella.com\/?page_id=12","url":"https:\/\/cocainecinderella.com\/?page_id=12","name":"Cocaine Cinderella - Versandarten","isPartOf":{"@id":"https:\/\/cocainecinderella.com\/#website"},"datePublished":"2018-06-01T18:38:49+00:00","dateModified":"2020-05-08T13:31:57+00:00","description":"Official Cocaine Cinderella Online Shop. Discover the new collections of women's provocative streetwear clothing, bags, and accessories. Shop now!","breadcrumb":{"@id":"https:\/\/cocainecinderella.com\/?page_id=12#breadcrumb"},"inLanguage":"de","potentialAction":[{"@type":"ReadAction","target":["https:\/\/cocainecinderella.com\/?page_id=12"]}]},{"@type":"BreadcrumbList","@id":"https:\/\/cocainecinderella.com\/?page_id=12#breadcrumb","itemListElement":[{"@type":"ListItem","position":1,"name":"Startseite","item":"https:\/\/cocainecinderella.com\/"},{"@type":"ListItem","position":2,"name":"Versandarten"}]},{"@type":"WebSite","@id":"https:\/\/cocainecinderella.com\/#website","url":"https:\/\/cocainecinderella.com\/","name":"Cocaine Cinderella","description":"zero fucks given","potentialAction":[{"@type":"SearchAction","target":{"@type":"EntryPoint","urlTemplate":"https:\/\/cocainecinderella.com\/?s={search_term_string}"},"query-input":"required name=search_term_string"}],"inLanguage":"de"}]}},"jetpack_sharing_enabled":true,"jetpack_shortlink":"https:\/\/wp.me\/P9XOHJ-c","_links":{"self":[{"href":"https:\/\/cocainecinderella.com\/index.php?rest_route=\/wp\/v2\/pages\/12"}],"collection":[{"href":"https:\/\/cocainecinderella.com\/index.php?rest_route=\/wp\/v2\/pages"}],"about":[{"href":"https:\/\/cocainecinderella.com\/index.php?rest_route=\/wp\/v2\/types\/page"}],"author":[{"embeddable":true,"href":"https:\/\/cocainecinderella.com\/index.php?rest_route=\/wp\/v2\/users\/1"}],"replies":[{"embeddable":true,"href":"https:\/\/cocainecinderella.com\/index.php?rest_route=%2Fwp%2Fv2%2Fcomments&post=12"}],"version-history":[{"count":6,"href":"https:\/\/cocainecinderella.com\/index.php?rest_route=\/wp\/v2\/pages\/12\/revisions"}],"predecessor-version":[{"id":551,"href":"https:\/\/cocainecinderella.com\/index.php?rest_route=\/wp\/v2\/pages\/12\/revisions\/551"}],"wp:attachment":[{"href":"https:\/\/cocainecinderella.com\/index.php?rest_route=%2Fwp%2Fv2%2Fmedia&parent=12"}],"curies":[{"name":"wp","href":"https:\/\/api.w.org\/{rel}","templated":true}]}}