{"id":9,"date":"2018-06-01T18:38:49","date_gmt":"2018-06-01T18:38:49","guid":{"rendered":"http:\/\/cocainecinderella.com\/?page_id=9"},"modified":"2021-11-01T11:50:20","modified_gmt":"2021-11-01T11:50:20","slug":"impressum","status":"publish","type":"page","link":"https:\/\/cocainecinderella.com\/?page_id=9","title":{"rendered":"Impressum"},"content":{"rendered":"<p><strong>Cocaine Cinderella<\/strong><\/p>\n<p>wird vertrieben durch:<\/p>\n<p><strong>NP-TEX<\/strong><br \/>\n(Einzelunternehmen)<br \/>\nInhaber: Niclas Prei\u00df<\/p>\n<p>Bessemerstra\u00dfe 82<br \/>\n10. OG S\u00fcd<br \/>\n12103 Berlin, Deutschland<\/p>\n<p>Tel: +49 30 66705160<\/p>\n<p>USt-IdNr.: DE310179623<\/p>\n<p>info@preisstextilien.de<\/p>\n<div class=\"woocommerce woocommerce-gzd woocommerce-gzd-complaints-shortcode\">\n\t<h3>Alternative Streitbeilegung gem\u00e4\u00df Art. 14 Abs. 1 ODR-VO und \u00a7 36 VSBG:<\/h3>\n\n<p>Die Europ\u00e4ische Kommission stellt eine Plattform zur Online-Streitbeilegung (OS) bereit, die du unter <a href=\"https:\/\/ec.europa.eu\/consumers\/odr\" target=\"_blank\">https:\/\/ec.europa.eu\/consumers\/odr<\/a> findest. Wir sind bereit, an einem au\u00dfergerichtlichen Schlichtungsverfahren teilzunehmen.<\/p>\n<\/div>\n","protected":false},"excerpt":{"rendered":"<p>Cocaine Cinderella wird vertrieben durch: NP-TEX (Einzelunternehmen) Inhaber: Niclas Prei\u00df Bessemerstra\u00dfe 82 10. OG S\u00fcd 12103 Berlin, Deutschland Tel: +49 30 66705160 USt-IdNr.: DE310179623 info@preisstextilien.de<\/p>\n","protected":false},"author":1,"featured_media":0,"parent":0,"menu_order":0,"comment_status":"closed","ping_status":"closed","template":"template-fullwidth-no-title.php","meta":{"_monsterinsights_skip_tracking":false,"_monsterinsights_sitenote_active":false,"_monsterinsights_sitenote_note":"","_monsterinsights_sitenote_category":0,"jetpack_post_was_ever_published":false,"footnotes":""},"yoast_head":"<!-- This site is optimized with the Yoast SEO plugin v21.8 - https:\/\/yoast.com\/wordpress\/plugins\/seo\/ -->\n<title>Cocaine Cinderella - Impressum<\/title>\n<meta name=\"description\" content=\"Official Cocaine Cinderella Online Shop. Discover the new collections of women&#039;s provocative streetwear clothing, bags, and accessories. Shop now!\" \/>\n<meta name=\"robots\" content=\"index, follow, max-snippet:-1, max-image-preview:large, max-video-preview:-1\" \/>\n<link rel=\"canonical\" href=\"https:\/\/cocainecinderella.com\/?page_id=9\" \/>\n<meta property=\"og:locale\" content=\"de_DE\" \/>\n<meta property=\"og:type\" content=\"article\" \/>\n<meta property=\"og:title\" content=\"Cocaine Cinderella - Impressum\" \/>\n<meta property=\"og:description\" content=\"Official Cocaine Cinderella Online Shop. Discover the new collections of women&#039;s provocative streetwear clothing, bags, and accessories. Shop now!\" \/>\n<meta property=\"og:url\" content=\"https:\/\/cocainecinderella.com\/?page_id=9\" \/>\n<meta property=\"og:site_name\" content=\"Cocaine Cinderella\" \/>\n<meta property=\"article:modified_time\" content=\"2021-11-01T11:50:20+00:00\" \/>\n<meta name=\"twitter:card\" content=\"summary_large_image\" \/>\n<script type=\"application\/ld+json\" class=\"yoast-schema-graph\">{\"@context\":\"https:\/\/schema.org\",\"@graph\":[{\"@type\":\"WebPage\",\"@id\":\"https:\/\/cocainecinderella.com\/?page_id=9\",\"url\":\"https:\/\/cocainecinderella.com\/?page_id=9\",\"name\":\"Cocaine Cinderella - Impressum\",\"isPartOf\":{\"@id\":\"https:\/\/cocainecinderella.com\/#website\"},\"datePublished\":\"2018-06-01T18:38:49+00:00\",\"dateModified\":\"2021-11-01T11:50:20+00:00\",\"description\":\"Official Cocaine Cinderella Online Shop. Discover the new collections of women's provocative streetwear clothing, bags, and accessories. Shop now!\",\"breadcrumb\":{\"@id\":\"https:\/\/cocainecinderella.com\/?page_id=9#breadcrumb\"},\"inLanguage\":\"de\",\"potentialAction\":[{\"@type\":\"ReadAction\",\"target\":[\"https:\/\/cocainecinderella.com\/?page_id=9\"]}]},{\"@type\":\"BreadcrumbList\",\"@id\":\"https:\/\/cocainecinderella.com\/?page_id=9#breadcrumb\",\"itemListElement\":[{\"@type\":\"ListItem\",\"position\":1,\"name\":\"Startseite\",\"item\":\"https:\/\/cocainecinderella.com\/\"},{\"@type\":\"ListItem\",\"position\":2,\"name\":\"Impressum\"}]},{\"@type\":\"WebSite\",\"@id\":\"https:\/\/cocainecinderella.com\/#website\",\"url\":\"https:\/\/cocainecinderella.com\/\",\"name\":\"Cocaine Cinderella\",\"description\":\"zero fucks given\",\"potentialAction\":[{\"@type\":\"SearchAction\",\"target\":{\"@type\":\"EntryPoint\",\"urlTemplate\":\"https:\/\/cocainecinderella.com\/?s={search_term_string}\"},\"query-input\":\"required name=search_term_string\"}],\"inLanguage\":\"de\"}]}<\/script>\n<!-- \/ Yoast SEO plugin. -->","yoast_head_json":{"title":"Cocaine Cinderella - Impressum","description":"Official Cocaine Cinderella Online Shop. Discover the new collections of women's provocative streetwear clothing, bags, and accessories. Shop now!","robots":{"index":"index","follow":"follow","max-snippet":"max-snippet:-1","max-image-preview":"max-image-preview:large","max-video-preview":"max-video-preview:-1"},"canonical":"https:\/\/cocainecinderella.com\/?page_id=9","og_locale":"de_DE","og_type":"article","og_title":"Cocaine Cinderella - Impressum","og_description":"Official Cocaine Cinderella Online Shop. Discover the new collections of women's provocative streetwear clothing, bags, and accessories. Shop now!","og_url":"https:\/\/cocainecinderella.com\/?page_id=9","og_site_name":"Cocaine Cinderella","article_modified_time":"2021-11-01T11:50:20+00:00","twitter_card":"summary_large_image","schema":{"@context":"https:\/\/schema.org","@graph":[{"@type":"WebPage","@id":"https:\/\/cocainecinderella.com\/?page_id=9","url":"https:\/\/cocainecinderella.com\/?page_id=9","name":"Cocaine Cinderella - Impressum","isPartOf":{"@id":"https:\/\/cocainecinderella.com\/#website"},"datePublished":"2018-06-01T18:38:49+00:00","dateModified":"2021-11-01T11:50:20+00:00","description":"Official Cocaine Cinderella Online Shop. Discover the new collections of women's provocative streetwear clothing, bags, and accessories. Shop now!","breadcrumb":{"@id":"https:\/\/cocainecinderella.com\/?page_id=9#breadcrumb"},"inLanguage":"de","potentialAction":[{"@type":"ReadAction","target":["https:\/\/cocainecinderella.com\/?page_id=9"]}]},{"@type":"BreadcrumbList","@id":"https:\/\/cocainecinderella.com\/?page_id=9#breadcrumb","itemListElement":[{"@type":"ListItem","position":1,"name":"Startseite","item":"https:\/\/cocainecinderella.com\/"},{"@type":"ListItem","position":2,"name":"Impressum"}]},{"@type":"WebSite","@id":"https:\/\/cocainecinderella.com\/#website","url":"https:\/\/cocainecinderella.com\/","name":"Cocaine Cinderella","description":"zero fucks given","potentialAction":[{"@type":"SearchAction","target":{"@type":"EntryPoint","urlTemplate":"https:\/\/cocainecinderella.com\/?s={search_term_string}"},"query-input":"required name=search_term_string"}],"inLanguage":"de"}]}},"jetpack_sharing_enabled":true,"jetpack_shortlink":"https:\/\/wp.me\/P9XOHJ-9","_links":{"self":[{"href":"https:\/\/cocainecinderella.com\/index.php?rest_route=\/wp\/v2\/pages\/9"}],"collection":[{"href":"https:\/\/cocainecinderella.com\/index.php?rest_route=\/wp\/v2\/pages"}],"about":[{"href":"https:\/\/cocainecinderella.com\/index.php?rest_route=\/wp\/v2\/types\/page"}],"author":[{"embeddable":true,"href":"https:\/\/cocainecinderella.com\/index.php?rest_route=\/wp\/v2\/users\/1"}],"replies":[{"embeddable":true,"href":"https:\/\/cocainecinderella.com\/index.php?rest_route=%2Fwp%2Fv2%2Fcomments&post=9"}],"version-history":[{"count":3,"href":"https:\/\/cocainecinderella.com\/index.php?rest_route=\/wp\/v2\/pages\/9\/revisions"}],"predecessor-version":[{"id":716,"href":"https:\/\/cocainecinderella.com\/index.php?rest_route=\/wp\/v2\/pages\/9\/revisions\/716"}],"wp:attachment":[{"href":"https:\/\/cocainecinderella.com\/index.php?rest_route=%2Fwp%2Fv2%2Fmedia&parent=9"}],"curies":[{"name":"wp","href":"https:\/\/api.w.org\/{rel}","templated":true}]}}